{"id":16800,"date":"2023-03-01T23:16:40","date_gmt":"2023-03-01T22:16:40","guid":{"rendered":"https:\/\/anave.es\/quienes-somos\/"},"modified":"2023-10-04T07:49:50","modified_gmt":"2023-10-04T07:49:50","slug":"spanish-shipowners-association","status":"publish","type":"page","link":"https:\/\/anave.es\/en\/anave\/spanish-shipowners-association\/","title":{"rendered":"Spanish Shipowners&#8217; Association"},"content":{"rendered":"<div class=\"wpb-content-wrapper\"><p>[vc_row][vc_column][vc_column_text]<span style=\"font-family: avenirnextltp-demi;\">Founded in 1977, it has its origins in a preceding organization, OFICEMA, established in 1951.<\/span><\/p>\n<p><span style=\"font-family: avenirnextltp-demi;\">To fulfill its tasks, ANAVE, among others:<\/span><\/p>\n<ul>\n<li>Produces reports, studies and applications of technical, economical and educational nature.<\/li>\n<li>Organizes meetings, seminars, technical courses, etc.<\/li>\n<li>Keeps relationships with the Spanish and European Union Administrations and Institutions.<\/li>\n<li>Participates in Associations and Organizations of national and international character, as, for example:<\/li>\n<\/ul>\n<p style=\"padding-left: 40px;\"><span style=\"font-family: avenirnextltp-demi;\">ECSA<\/span> <span style=\"color: #12a9b0;\">European Community Shipowners&#8217; Associations<\/span><br \/>\n<span style=\"font-family: avenirnextltp-demi;\">ICS<\/span> <span style=\"color: #12a9b0;\">International Chamber of Shipping<\/span><br \/>\n<span style=\"font-family: avenirnextltp-demi;\">ISF<\/span> <span style=\"color: #12a9b0;\">International Shipping Federation<\/span><br \/>\n<span style=\"font-family: avenirnextltp-demi;\">BIMCO<\/span> <span style=\"color: #12a9b0;\">The Baltic and International Maritime Council<\/span><br \/>\n<span style=\"font-family: avenirnextltp-demi;\">INTERTANKO<\/span> <span style=\"color: #12a9b0;\">International Association of Independent Tanker Owners<\/span><br \/>\n<span style=\"font-family: avenirnextltp-demi;\">CEOE<\/span> <span style=\"color: #12a9b0;\">Confederaci\u00f3n Espa\u00f1ola de Organizaciones Empresariales<\/span><br \/>\n<span style=\"font-family: avenirnextltp-demi;\">GASNAM<\/span> <span style=\"color: #12a9b0;\">Asociaci\u00f3n de transporte sostenible que integra la cadena de valor del gas y el hidr\u00f3geno para alcanzar los retos medioambientales, econ\u00f3micos y operacionales del transporte por tierra, mar y aire.<\/span><br \/>\n<span style=\"font-family: avenirnextltp-demi;\">SPC\u2013SPAIN<\/span> <span style=\"color: #12a9b0;\">Shortsea Promotion Center<\/span><\/p>\n<p>[\/vc_column_text][\/vc_column][\/vc_row][vc_row full_width=&#8221;stretch_row_content&#8221; bg_type=&#8221;bg_color&#8221; bg_override=&#8221;full&#8221; bg_color_value=&#8221;#cccccc&#8221; css=&#8221;.vc_custom_1679418126053{margin-bottom: -70px !important;}&#8221;][vc_column]<style type=\"text\/css\" data-type=\"the7_shortcodes-inline-css\">#default-btn-4db8cf35fcdcce0da95978403860904b.ico-right-side > i {\n  margin-right: 0px;\n  margin-left: 8px;\n}\n#default-btn-4db8cf35fcdcce0da95978403860904b > i {\n  margin-right: 8px;\n}<\/style><div class=\"btn-align-center\"><a href=\"\/anave\/como-asociarse\/\" class=\"default-btn-shortcode dt-btn dt-btn-l link-hover-off \" id=\"default-btn-4db8cf35fcdcce0da95978403860904b\"><span>Becoming a member<\/span><\/a><\/div>[vc_empty_space][\/vc_column][\/vc_row]<\/p>\n<\/div>","protected":false},"excerpt":{"rendered":"<p>[vc_row][vc_column][vc_column_text]Founded in 1977, it has its origins in a preceding organization, OFICEMA, established in 1951. To fulfill its tasks, ANAVE, among others: Produces reports, studies and applications of technical, economical and educational nature. Organizes meetings, seminars, technical courses, etc. Keeps relationships with the Spanish and European Union Administrations and Institutions. Participates in Associations and Organizations&hellip;<\/p>\n","protected":false},"author":1,"featured_media":0,"parent":17742,"menu_order":0,"comment_status":"closed","ping_status":"open","template":"","meta":{"footnotes":""},"class_list":["post-16800","page","type-page","status-publish","hentry","description-off"],"yoast_head":"<!-- This site is optimized with the Yoast SEO plugin v26.8 - https:\/\/yoast.com\/product\/yoast-seo-wordpress\/ -->\n<title>Spanish Shipowners&#039; Association - Anave<\/title>\n<meta name=\"robots\" content=\"index, follow, max-snippet:-1, max-image-preview:large, max-video-preview:-1\" \/>\n<link rel=\"canonical\" href=\"https:\/\/anave.es\/en\/anave\/spanish-shipowners-association\/\" \/>\n<meta property=\"og:locale\" content=\"en_US\" \/>\n<meta property=\"og:type\" content=\"article\" \/>\n<meta property=\"og:title\" content=\"Spanish Shipowners&#039; Association - Anave\" \/>\n<meta property=\"og:description\" content=\"[vc_row][vc_column][vc_column_text]Founded in 1977, it has its origins in a preceding organization, OFICEMA, established in 1951. To fulfill its tasks, ANAVE, among others: Produces reports, studies and applications of technical, economical and educational nature. Organizes meetings, seminars, technical courses, etc. Keeps relationships with the Spanish and European Union Administrations and Institutions. Participates in Associations and Organizations&hellip;\" \/>\n<meta property=\"og:url\" content=\"https:\/\/anave.es\/en\/anave\/spanish-shipowners-association\/\" \/>\n<meta property=\"og:site_name\" content=\"Anave\" \/>\n<meta property=\"article:modified_time\" content=\"2023-10-04T07:49:50+00:00\" \/>\n<meta name=\"twitter:card\" content=\"summary_large_image\" \/>\n<meta name=\"twitter:label1\" content=\"Est. reading time\" \/>\n\t<meta name=\"twitter:data1\" content=\"1 minute\" \/>\n<script type=\"application\/ld+json\" class=\"yoast-schema-graph\">{\"@context\":\"https:\/\/schema.org\",\"@graph\":[{\"@type\":\"WebPage\",\"@id\":\"https:\/\/anave.es\/en\/anave\/spanish-shipowners-association\/\",\"url\":\"https:\/\/anave.es\/en\/anave\/spanish-shipowners-association\/\",\"name\":\"Spanish Shipowners' Association - Anave\",\"isPartOf\":{\"@id\":\"https:\/\/anave.es\/#website\"},\"datePublished\":\"2023-03-01T22:16:40+00:00\",\"dateModified\":\"2023-10-04T07:49:50+00:00\",\"breadcrumb\":{\"@id\":\"https:\/\/anave.es\/en\/anave\/spanish-shipowners-association\/#breadcrumb\"},\"inLanguage\":\"en-US\",\"potentialAction\":[{\"@type\":\"ReadAction\",\"target\":[\"https:\/\/anave.es\/en\/anave\/spanish-shipowners-association\/\"]}]},{\"@type\":\"BreadcrumbList\",\"@id\":\"https:\/\/anave.es\/en\/anave\/spanish-shipowners-association\/#breadcrumb\",\"itemListElement\":[{\"@type\":\"ListItem\",\"position\":1,\"name\":\"ANAVE\",\"item\":\"https:\/\/anave.es\/en\/\"},{\"@type\":\"ListItem\",\"position\":2,\"name\":\"Spanish Shipowners&#8217; Association\"}]},{\"@type\":\"WebSite\",\"@id\":\"https:\/\/anave.es\/#website\",\"url\":\"https:\/\/anave.es\/\",\"name\":\"Anave\",\"description\":\"Asociaci\u00f3n de Navieros Espa\u00f1oles\",\"potentialAction\":[{\"@type\":\"SearchAction\",\"target\":{\"@type\":\"EntryPoint\",\"urlTemplate\":\"https:\/\/anave.es\/?s={search_term_string}\"},\"query-input\":{\"@type\":\"PropertyValueSpecification\",\"valueRequired\":true,\"valueName\":\"search_term_string\"}}],\"inLanguage\":\"en-US\"}]}<\/script>\n<!-- \/ Yoast SEO plugin. -->","yoast_head_json":{"title":"Spanish Shipowners' Association - Anave","robots":{"index":"index","follow":"follow","max-snippet":"max-snippet:-1","max-image-preview":"max-image-preview:large","max-video-preview":"max-video-preview:-1"},"canonical":"https:\/\/anave.es\/en\/anave\/spanish-shipowners-association\/","og_locale":"en_US","og_type":"article","og_title":"Spanish Shipowners' Association - Anave","og_description":"[vc_row][vc_column][vc_column_text]Founded in 1977, it has its origins in a preceding organization, OFICEMA, established in 1951. To fulfill its tasks, ANAVE, among others: Produces reports, studies and applications of technical, economical and educational nature. Organizes meetings, seminars, technical courses, etc. Keeps relationships with the Spanish and European Union Administrations and Institutions. Participates in Associations and Organizations&hellip;","og_url":"https:\/\/anave.es\/en\/anave\/spanish-shipowners-association\/","og_site_name":"Anave","article_modified_time":"2023-10-04T07:49:50+00:00","twitter_card":"summary_large_image","twitter_misc":{"Est. reading time":"1 minute"},"schema":{"@context":"https:\/\/schema.org","@graph":[{"@type":"WebPage","@id":"https:\/\/anave.es\/en\/anave\/spanish-shipowners-association\/","url":"https:\/\/anave.es\/en\/anave\/spanish-shipowners-association\/","name":"Spanish Shipowners' Association - Anave","isPartOf":{"@id":"https:\/\/anave.es\/#website"},"datePublished":"2023-03-01T22:16:40+00:00","dateModified":"2023-10-04T07:49:50+00:00","breadcrumb":{"@id":"https:\/\/anave.es\/en\/anave\/spanish-shipowners-association\/#breadcrumb"},"inLanguage":"en-US","potentialAction":[{"@type":"ReadAction","target":["https:\/\/anave.es\/en\/anave\/spanish-shipowners-association\/"]}]},{"@type":"BreadcrumbList","@id":"https:\/\/anave.es\/en\/anave\/spanish-shipowners-association\/#breadcrumb","itemListElement":[{"@type":"ListItem","position":1,"name":"ANAVE","item":"https:\/\/anave.es\/en\/"},{"@type":"ListItem","position":2,"name":"Spanish Shipowners&#8217; Association"}]},{"@type":"WebSite","@id":"https:\/\/anave.es\/#website","url":"https:\/\/anave.es\/","name":"Anave","description":"Asociaci\u00f3n de Navieros Espa\u00f1oles","potentialAction":[{"@type":"SearchAction","target":{"@type":"EntryPoint","urlTemplate":"https:\/\/anave.es\/?s={search_term_string}"},"query-input":{"@type":"PropertyValueSpecification","valueRequired":true,"valueName":"search_term_string"}}],"inLanguage":"en-US"}]}},"_links":{"self":[{"href":"https:\/\/anave.es\/en\/wp-json\/wp\/v2\/pages\/16800","targetHints":{"allow":["GET"]}}],"collection":[{"href":"https:\/\/anave.es\/en\/wp-json\/wp\/v2\/pages"}],"about":[{"href":"https:\/\/anave.es\/en\/wp-json\/wp\/v2\/types\/page"}],"author":[{"embeddable":true,"href":"https:\/\/anave.es\/en\/wp-json\/wp\/v2\/users\/1"}],"replies":[{"embeddable":true,"href":"https:\/\/anave.es\/en\/wp-json\/wp\/v2\/comments?post=16800"}],"version-history":[{"count":15,"href":"https:\/\/anave.es\/en\/wp-json\/wp\/v2\/pages\/16800\/revisions"}],"predecessor-version":[{"id":17955,"href":"https:\/\/anave.es\/en\/wp-json\/wp\/v2\/pages\/16800\/revisions\/17955"}],"up":[{"embeddable":true,"href":"https:\/\/anave.es\/en\/wp-json\/wp\/v2\/pages\/17742"}],"wp:attachment":[{"href":"https:\/\/anave.es\/en\/wp-json\/wp\/v2\/media?parent=16800"}],"curies":[{"name":"wp","href":"https:\/\/api.w.org\/{rel}","templated":true}]}}